{"id":231,"date":"2019-06-15T16:48:31","date_gmt":"2019-06-15T20:48:31","guid":{"rendered":"http:\/\/www.capitan.cl\/?page_id=231"},"modified":"2025-03-31T10:01:23","modified_gmt":"2025-03-31T14:01:23","slug":"inicio","status":"publish","type":"page","link":"https:\/\/www.fcc.cl\/fcc\/es\/","title":{"rendered":"Inicio"},"content":{"rendered":"<div class=\"wpb-content-wrapper\">[mk_page_section bg_image=&#8221;\/fcc\/wp-content\/uploads\/2019\/06\/fondojibia_web.jpg&#8221; bg_color=&#8221;rgba(10,10,10,0.01)&#8221; bg_position=&#8221;right center&#8221; bg_repeat=&#8221;no-repeat&#8221; bg_stretch=&#8221;true&#8221; enable_3d=&#8221;true&#8221; bg_gradient=&#8221;left_top&#8221; video_color_mask=&#8221;#1e63a7&#8243; gr_end=&#8221;rgba(0,0,0,0.55)&#8221; video_opacity=&#8221;.7&#8243; full_height=&#8221;true&#8221; skip_arrow=&#8221;true&#8221; top_shape_color=&#8221;#ffffff&#8221; bottom_shape_color=&#8221;#ffffff&#8221; el_class=&#8221;custom-jueves-gradient-bg&#8221; sidebar=&#8221;sidebar-1&#8243;][vc_column width=&#8221;1\/2&#8243;][mk_padding_divider visibility=&#8221;visible-sm&#8221;][mk_fancy_title strip_tags=&#8221;true&#8221; tag_name=&#8221;h4&#8243; color=&#8221;#ffffff&#8221; size=&#8221;30&#8243; force_font_size=&#8221;true&#8221; size_tablet=&#8221;15&#8243; size_phone=&#8221;15&#8243; line_height=&#8221;0&#8243; font_weight=&#8221;400&#8243; font_style=&#8221;normal&#8221; txt_transform=&#8221;uppercase&#8221; letter_spacing=&#8221;6.7&#8243; margin_bottom=&#8221;0&#8243; font_family=&#8221;Montserrat&#8221; font_type=&#8221;google&#8221; animation=&#8221;left-to-right&#8221;]pesca silvestre[\/mk_fancy_title][mk_fancy_title strip_tags=&#8221;true&#8221; tag_name=&#8221;h1&#8243; color=&#8221;#ffffff&#8221; size=&#8221;56&#8243; force_font_size=&#8221;true&#8221; size_tablet=&#8221;40&#8243; size_phone=&#8221;30&#8243; font_weight=&#8221;bold&#8221; font_style=&#8221;normal&#8221; txt_transform=&#8221;uppercase&#8221; letter_spacing=&#8221;12.6&#8243; margin_bottom=&#8221;0&#8243; font_family=&#8221;Montserrat&#8221; font_type=&#8221;google&#8221; animation=&#8221;left-to-right&#8221;]Calidad para el mundo[\/mk_fancy_title][mk_divider style=&#8221;thin_solid&#8221; divider_width=&#8221;one_fourth&#8221; align=&#8221;left&#8221; thin_single_color=&#8221;#ffffff&#8221; thickness=&#8221;7&#8243; margin_top=&#8221;0&#8243; margin_bottom=&#8221;15&#8243; visibility=&#8221;hidden-sm&#8221;][vc_column_text disable_pattern=&#8221;false&#8221; animation=&#8221;bottom-to-top&#8221; css=&#8221;.vc_custom_1560637340305{margin-bottom: 0px !important;}&#8221;]<span style=\"color: #e2e2e2;\">Desde las puras aguas del Oc\u00e9ano Pac\u00edfico<\/span>[\/vc_column_text][mk_padding_divider size=&#8221;60&#8243; visibility=&#8221;visible-sm&#8221;][\/vc_column][vc_column width=&#8221;1\/2&#8243;][\/vc_column][\/mk_page_section][vc_row fullwidth=&#8221;true&#8221; fullwidth_content=&#8221;false&#8221;][vc_column][mk_padding_divider size=&#8221;30&#8243;][mk_fancy_title color=&#8221;#000000&#8243; size=&#8221;42&#8243; force_font_size=&#8221;true&#8221; size_tablet=&#8221;35&#8243; size_phone=&#8221;25&#8243; font_weight=&#8221;bold&#8221; font_style=&#8221;normal&#8221; margin_bottom=&#8221;0&#8243; font_family=&#8221;Montserrat&#8221; font_type=&#8221;google&#8221; align=&#8221;center&#8221; el_class=&#8221;custom-jueves-heading&#8221;]\u00bfQu\u00e9 hacemos?[\/mk_fancy_title][vc_column_text disable_pattern=&#8221;false&#8221; align=&#8221;center&#8221; animation=&#8221;left-to-right&#8221; css=&#8221;.vc_custom_1560638912370{margin-bottom: 0px !important;}&#8221;]<span style=\"color: #999999;\">Pescamos y procesamos productos del mar en Coronel, Chile.<\/span>[\/vc_column_text][mk_padding_divider size=&#8221;5&#8243;][mk_button dimension=&#8221;outline&#8221; corner_style=&#8221;full_rounded&#8221; size=&#8221;medium&#8221; url=&#8221;\/fcc\/es\/quienes-somos&#8221; align=&#8221;center&#8221; button_custom_width=&#8221;250&#8243; el_class=&#8221;custom-jueves-btn&#8221; outline_skin=&#8221;custom&#8221; outline_active_text_color=&#8221;#000000&#8243; outline_hover_bg_color=&#8221;#000000&#8243; outline_hover_color=&#8221;#ffffff&#8221;]DESCUBRE M\u00c1S[\/mk_button][mk_padding_divider][\/vc_column][\/vc_row][mk_page_section layout_structure=&#8221;half_right&#8221; bg_image=&#8221;\/fcc\/wp-content\/uploads\/2019\/06\/fcc-jurel-fresco-52.jpg&#8221; bg_color=&#8221;#0070af&#8221; bg_stretch=&#8221;true&#8221; full_width=&#8221;true&#8221;][vc_column][mk_padding_divider size=&#8221;200&#8243;][mk_fancy_title strip_tags=&#8221;true&#8221; tag_name=&#8221;h4&#8243; color=&#8221;#ffffff&#8221; size=&#8221;30&#8243; force_font_size=&#8221;true&#8221; size_smallscreen=&#8221;20&#8243; size_tablet=&#8221;15&#8243; size_phone=&#8221;15&#8243; line_height=&#8221;0&#8243; font_weight=&#8221;400&#8243; font_style=&#8221;normal&#8221; txt_transform=&#8221;uppercase&#8221; letter_spacing=&#8221;6.7&#8243; margin_bottom=&#8221;0&#8243; font_family=&#8221;Montserrat&#8221; font_type=&#8221;google&#8221; align=&#8221;right&#8221; animation=&#8221;left-to-right&#8221;]Descubre nuestros[\/mk_fancy_title][mk_fancy_title strip_tags=&#8221;true&#8221; tag_name=&#8221;h3&#8243; color=&#8221;#ffffff&#8221; size=&#8221;56&#8243; force_font_size=&#8221;true&#8221; size_smallscreen=&#8221;45&#8243; size_tablet=&#8221;30&#8243; size_phone=&#8221;25&#8243; font_weight=&#8221;bold&#8221; font_style=&#8221;normal&#8221; txt_transform=&#8221;uppercase&#8221; letter_spacing=&#8221;12.6&#8243; margin_bottom=&#8221;0&#8243; font_family=&#8221;Montserrat&#8221; font_type=&#8221;google&#8221; align=&#8221;right&#8221; animation=&#8221;right-to-left&#8221;]productos[\/mk_fancy_title][vc_column_text disable_pattern=&#8221;false&#8221; align=&#8221;right&#8221; animation=&#8221;left-to-right&#8221; css=&#8221;.vc_custom_1560640461557{margin-bottom: 0px !important;}&#8221;]<span style=\"color: #ffffff;\">Congelados, conservas, harina y aceite de pescado.<\/span>[\/vc_column_text][mk_button dimension=&#8221;flat&#8221; size=&#8221;medium&#8221; url=&#8221;\/fcc\/es\/productos&#8221; align=&#8221;right&#8221; margin_bottom=&#8221;0&#8243; animation=&#8221;bottom-to-top&#8221; el_class=&#8221;custom-jueves-btn&#8221; bg_color=&#8221;rgba(34,79,125,0)&#8221; btn_hover_bg=&#8221;rgba(30,115,190,0)&#8221; btn_hover_txt_color=&#8221;rgba(255,255,255,0.8)&#8221;]APRENDE M\u00c1S[\/mk_button][mk_padding_divider size=&#8221;200&#8243;][\/vc_column][\/mk_page_section][mk_page_section layout_structure=&#8221;half_left&#8221; bg_image=&#8221;\/fcc\/wp-content\/uploads\/2019\/06\/cazador-en-el-atardecer.jpg&#8221; bg_color=&#8221;#f4f4f4&#8243; bg_stretch=&#8221;true&#8221; full_width=&#8221;true&#8221;][vc_column][mk_padding_divider size=&#8221;200&#8243;][mk_fancy_title strip_tags=&#8221;true&#8221; tag_name=&#8221;h4&#8243; color=&#8221;#0a0a0a&#8221; size=&#8221;30&#8243; force_font_size=&#8221;true&#8221; size_smallscreen=&#8221;20&#8243; size_tablet=&#8221;15&#8243; size_phone=&#8221;15&#8243; line_height=&#8221;0&#8243; font_weight=&#8221;400&#8243; font_style=&#8221;normal&#8221; txt_transform=&#8221;uppercase&#8221; letter_spacing=&#8221;6.7&#8243; margin_bottom=&#8221;0&#8243; font_family=&#8221;Montserrat&#8221; font_type=&#8221;google&#8221; animation=&#8221;right-to-left&#8221;]Nuestra[\/mk_fancy_title][mk_fancy_title strip_tags=&#8221;true&#8221; tag_name=&#8221;h3&#8243; color=&#8221;#000000&#8243; size=&#8221;56&#8243; force_font_size=&#8221;true&#8221; size_smallscreen=&#8221;35&#8243; size_tablet=&#8221;30&#8243; size_phone=&#8221;25&#8243; font_weight=&#8221;bold&#8221; font_style=&#8221;normal&#8221; txt_transform=&#8221;uppercase&#8221; letter_spacing=&#8221;12.6&#8243; margin_bottom=&#8221;0&#8243; font_family=&#8221;Montserrat&#8221; font_type=&#8221;google&#8221; animation=&#8221;right-to-left&#8221;]Flota[\/mk_fancy_title][vc_column_text disable_pattern=&#8221;false&#8221; animation=&#8221;left-to-right&#8221; visibility=&#8221;hidden-sm&#8221; css=&#8221;.vc_custom_1565792330291{margin-bottom: 0px !important;}&#8221;]Una flota eficientemente equipada y operada por un equipo muy experimentado, proporciona una excelente combinaci\u00f3n para entregar peces pel\u00e1gicos adecuados para los procesos de producci\u00f3n m\u00e1s exigentes.[\/vc_column_text][vc_column_text disable_pattern=&#8221;false&#8221; animation=&#8221;left-to-right&#8221; visibility=&#8221;visible-sm&#8221; css=&#8221;.vc_custom_1560640172735{margin-bottom: 0px !important;}&#8221;]\n<p style=\"text-align: center;\">Una flota eficientemente equipada y operada por un equipo muy experimentado, proporciona una excelente combinaci6n para entregar peces pelagicos adecuados para los procesos de producci6n mas exigentes.<\/p>\n[\/vc_column_text][mk_padding_divider size=&#8221;200&#8243;][\/vc_column][\/mk_page_section][mk_page_section bg_image=&#8221;\/fcc\/wp-content\/uploads\/2019\/06\/lance-anderson-438724-unsplash.jpg&#8221; bg_stretch=&#8221;true&#8221; enable_3d=&#8221;true&#8221; video_color_mask=&#8221;#224f7d&#8221; video_opacity=&#8221;0.9&#8243; padding_top=&#8221;80&#8243; padding_bottom=&#8221;80&#8243; sidebar=&#8221;sidebar-1&#8243;][vc_column width=&#8221;2\/3&#8243;][mk_fancy_title tag_name=&#8221;h4&#8243; color=&#8221;#ffffff&#8221; size=&#8221;30&#8243; force_font_size=&#8221;true&#8221; size_phone=&#8221;20&#8243; line_height=&#8221;0&#8243; font_weight=&#8221;400&#8243; font_style=&#8221;normal&#8221; txt_transform=&#8221;uppercase&#8221; letter_spacing=&#8221;6.7&#8243; margin_top=&#8221;20&#8243; margin_bottom=&#8221;10&#8243; font_family=&#8221;Montserrat&#8221; font_type=&#8221;google&#8221; animation=&#8221;left-to-right&#8221;]\u00bfConsultas?[\/mk_fancy_title][vc_column_text disable_pattern=&#8221;false&#8221; css=&#8221;.vc_custom_1560633894955{margin-bottom: 0px !important;}&#8221;]<span style=\"color: #ffffff;\">Para m\u00e1s informaci\u00f3n sobre nuestros productos, visita nuestra p\u00e1gina de contacto.<\/span>[\/vc_column_text][\/vc_column][vc_column width=&#8221;1\/3&#8243;][mk_padding_divider size=&#8221;15&#8243;][\/vc_column][\/mk_page_section]\n<\/div>","protected":false},"excerpt":{"rendered":"<p>[mk_page_section bg_image=&#8221;\/fcc\/wp-content\/uploads\/2019\/06\/fondojibia_web.jpg&#8221; bg_color=&#8221;rgba(10,10,10,0.01)&#8221; bg_position=&#8221;right center&#8221; bg_repeat=&#8221;no-repeat&#8221; bg_stretch=&#8221;true&#8221; enable_3d=&#8221;true&#8221; bg_gradient=&#8221;left_top&#8221; video_color_mask=&#8221;#1e63a7&#8243; gr_end=&#8221;rgba(0,0,0,0.55)&#8221; video_opacity=&#8221;.7&#8243; full_height=&#8221;true&#8221; skip_arrow=&#8221;true&#8221; top_shape_color=&#8221;#ffffff&#8221; bottom_shape_color=&#8221;#ffffff&#8221; el_class=&#8221;custom-jueves-gradient-bg&#8221; sidebar=&#8221;sidebar-1&#8243;][vc_column width=&#8221;1\/2&#8243;][mk_padding_divider visibility=&#8221;visible-sm&#8221;][mk_fancy_title strip_tags=&#8221;true&#8221; tag_name=&#8221;h4&#8243; color=&#8221;#ffffff&#8221; size=&#8221;30&#8243; force_font_size=&#8221;true&#8221; size_tablet=&#8221;15&#8243; size_phone=&#8221;15&#8243; line_height=&#8221;0&#8243; font_weight=&#8221;400&#8243; font_style=&#8221;normal&#8221; txt_transform=&#8221;uppercase&#8221; letter_spacing=&#8221;6.7&#8243; margin_bottom=&#8221;0&#8243; font_family=&#8221;Montserrat&#8221; font_type=&#8221;google&#8221; animation=&#8221;left-to-right&#8221;]pesca silvestre[\/mk_fancy_title][mk_fancy_title strip_tags=&#8221;true&#8221; tag_name=&#8221;h1&#8243; color=&#8221;#ffffff&#8221; size=&#8221;56&#8243; force_font_size=&#8221;true&#8221; size_tablet=&#8221;40&#8243; size_phone=&#8221;30&#8243; font_weight=&#8221;bold&#8221; font_style=&#8221;normal&#8221; txt_transform=&#8221;uppercase&#8221; letter_spacing=&#8221;12.6&#8243; margin_bottom=&#8221;0&#8243; font_family=&#8221;Montserrat&#8221; font_type=&#8221;google&#8221; animation=&#8221;left-to-right&#8221;]Calidad para el mundo[\/mk_fancy_title][mk_divider [&hellip;]<\/p>\n","protected":false},"author":1,"featured_media":0,"parent":0,"menu_order":0,"comment_status":"closed","ping_status":"closed","template":"","meta":{"footnotes":""},"class_list":["post-231","page","type-page","status-publish","hentry"],"acf":[],"_links":{"self":[{"href":"https:\/\/www.fcc.cl\/fcc\/wp-json\/wp\/v2\/pages\/231"}],"collection":[{"href":"https:\/\/www.fcc.cl\/fcc\/wp-json\/wp\/v2\/pages"}],"about":[{"href":"https:\/\/www.fcc.cl\/fcc\/wp-json\/wp\/v2\/types\/page"}],"author":[{"embeddable":true,"href":"https:\/\/www.fcc.cl\/fcc\/wp-json\/wp\/v2\/users\/1"}],"replies":[{"embeddable":true,"href":"https:\/\/www.fcc.cl\/fcc\/wp-json\/wp\/v2\/comments?post=231"}],"version-history":[{"count":27,"href":"https:\/\/www.fcc.cl\/fcc\/wp-json\/wp\/v2\/pages\/231\/revisions"}],"predecessor-version":[{"id":896,"href":"https:\/\/www.fcc.cl\/fcc\/wp-json\/wp\/v2\/pages\/231\/revisions\/896"}],"wp:attachment":[{"href":"https:\/\/www.fcc.cl\/fcc\/wp-json\/wp\/v2\/media?parent=231"}],"curies":[{"name":"wp","href":"https:\/\/api.w.org\/{rel}","templated":true}]}}