{"id":239,"date":"2019-06-15T17:13:41","date_gmt":"2019-06-15T21:13:41","guid":{"rendered":"http:\/\/www.capitan.cl\/?page_id=239"},"modified":"2025-05-17T18:26:01","modified_gmt":"2025-05-17T22:26:01","slug":"productos","status":"publish","type":"page","link":"https:\/\/www.fcc.cl\/fcc\/es\/productos\/","title":{"rendered":"Productos"},"content":{"rendered":"[mk_page_section bg_image=&#8221;\/fcc\/wp-content\/uploads\/2019\/06\/fcc-jurel-fresco-1.jpg&#8221; bg_color=&#8221;rgba(10,10,10,0.01)&#8221; bg_position=&#8221;left center&#8221; bg_stretch=&#8221;true&#8221; enable_3d=&#8221;true&#8221; bg_gradient=&#8221;left_top&#8221; video_color_mask=&#8221;rgba(0,0,0,0.8)&#8221; gr_end=&#8221;rgba(0,0,0,0.35)&#8221; video_opacity=&#8221;1&#8243; top_shape_style=&#8221;folded-top&#8221; top_shape_size=&#8221;small&#8221; top_shape_color=&#8221;#ffffff&#8221; bottom_shape_style=&#8221;folded-bottom&#8221; bottom_shape_size=&#8221;small&#8221; bottom_shape_color=&#8221;#ffffff&#8221; el_class=&#8221;custom-jueves-gradient-bg&#8221; sidebar=&#8221;sidebar-1&#8243;][vc_column][mk_padding_divider size=&#8221;140&#8243; visibility=&#8221;hidden-sm&#8221;][mk_padding_divider size=&#8221;100&#8243;][mk_fancy_title tag_name=&#8221;h4&#8243; color=&#8221;#ffffff&#8221; size=&#8221;30&#8243; force_font_size=&#8221;true&#8221; size_tablet=&#8221;15&#8243; size_phone=&#8221;15&#8243; line_height=&#8221;0&#8243; font_weight=&#8221;400&#8243; font_style=&#8221;normal&#8221; txt_transform=&#8221;uppercase&#8221; letter_spacing=&#8221;6.7&#8243; margin_bottom=&#8221;0&#8243; font_family=&#8221;Montserrat&#8221; font_type=&#8221;google&#8221; animation=&#8221;left-to-right&#8221;]\n<p class=\"p1\"><span class=\"s1\">Descubre nuestros<\/span><\/p>\n[\/mk_fancy_title][mk_fancy_title strip_tags=&#8221;true&#8221; tag_name=&#8221;h1&#8243; color=&#8221;#ffffff&#8221; size=&#8221;56&#8243; force_font_size=&#8221;true&#8221; size_tablet=&#8221;40&#8243; size_phone=&#8221;30&#8243; font_weight=&#8221;bold&#8221; font_style=&#8221;normal&#8221; txt_transform=&#8221;uppercase&#8221; letter_spacing=&#8221;10&#8243; margin_bottom=&#8221;0&#8243; font_family=&#8221;Montserrat&#8221; font_type=&#8221;google&#8221; animation=&#8221;left-to-right&#8221;]Productos[\/mk_fancy_title][mk_divider style=&#8221;thin_solid&#8221; divider_width=&#8221;one_fourth&#8221; align=&#8221;left&#8221; thin_single_color=&#8221;#204182&#8243; thickness=&#8221;7&#8243; margin_top=&#8221;0&#8243; margin_bottom=&#8221;120&#8243; visibility=&#8221;hidden-sm&#8221;][\/vc_column][\/mk_page_section][mk_page_section layout_structure=&#8221;half_left&#8221; bg_image=&#8221;\/fcc\/wp-content\/uploads\/2019\/06\/fcc-jack-mackerel.jpg&#8221; bg_color=&#8221;#224f7d&#8221;][vc_column][mk_padding_divider size=&#8221;140&#8243;][mk_fancy_title tag_name=&#8221;h4&#8243; color=&#8221;#000000&#8243; size=&#8221;22&#8243; font_weight=&#8221;400&#8243; txt_transform=&#8221;uppercase&#8221; letter_spacing=&#8221;2.4&#8243; font_family=&#8221;none&#8221; align=&#8221;center&#8221;]\n<h2 style=\"text-align: left;\"><span style=\"color: #ffffff;\">Congelados<\/span><\/h2>\n[\/mk_fancy_title][vc_column_text css=&#8221;.vc_custom_1566781271781{margin-bottom: 0px !important;}&#8221;]\n<p style=\"text-align: justify;\"><span style=\"color: #ffffff;\">Una planta procesadora de pescado e instalaciones para congelado de \u00faltima generaci\u00f3n que unida a una excelente red de proveedores de materias primas, permite a nuestro experimentado equipo humano, ofrecer los mejores productos para satisfacer los requerimientos de nuestros clientes m\u00e1s exigentes.<\/span><\/p>\n[\/vc_column_text][mk_button dimension=&#8221;flat&#8221; size=&#8221;large&#8221; url=&#8221;\/fcc\/wp-content\/uploads\/2025\/05\/folleto_digital_2025.pdf&#8221; target=&#8221;_blank&#8221; el_class=&#8221;custom-jueves-btn&#8221; bg_color=&#8221;rgba(0,0,0,0)&#8221; btn_hover_bg=&#8221;rgba(0,0,0,0)&#8221; btn_hover_txt_color=&#8221;rgba(0,0,0,0.6)&#8221;]VER M\u00c1S[\/mk_button][mk_padding_divider size=&#8221;90&#8243; visibility=&#8221;hidden-sm&#8221;][\/vc_column][\/mk_page_section][mk_page_section layout_structure=&#8221;half_right&#8221; bg_image=&#8221;\/fcc\/wp-content\/uploads\/2019\/06\/fcc-canned-fish.jpg&#8221; bg_color=&#8221;#224f7d&#8221;][vc_column][mk_padding_divider size=&#8221;80&#8243;][mk_fancy_title color=&#8221;#ffffff&#8221; size=&#8221;22&#8243; font_weight=&#8221;400&#8243; txt_transform=&#8221;uppercase&#8221; letter_spacing=&#8221;2.4&#8243; font_family=&#8221;none&#8221; align=&#8221;right&#8221;]\n<h2><span style=\"color: #ffffff;\">Conservas<\/span><\/h2>\n[\/mk_fancy_title][vc_column_text align=&#8221;right&#8221; css=&#8221;.vc_custom_1566780410059{margin-bottom: 0px !important;}&#8221;]\n<p style=\"text-align: justify;\"><span style=\"color: #ffffff;\">En nuestros propios laboratorios, el \u00e1rea de investigaci\u00f3n y muestreo realiza un continuo monitoreo de los diferentes productos ofrecidos, desde el momento de la captura a trav\u00e9s de toda la cadena de valor. Las principales certificaciones de calidad, sostenibilidad y trazabilidad han aprobado estas instalaciones que nos permite ofrecer productos superiores en calidad, salud, sabor y frescura a los principales mercados mundiales<\/span><\/p>\n[\/vc_column_text][mk_button dimension=&#8221;flat&#8221; size=&#8221;large&#8221; url=&#8221;\/fcc\/wp-content\/uploads\/2025\/05\/folleto_digital_2025.pdf&#8221; target=&#8221;_blank&#8221; align=&#8221;right&#8221; margin_bottom=&#8221;0&#8243; margin_right=&#8221;0&#8243; el_class=&#8221;custom-jueves-btn&#8221; bg_color=&#8221;rgba(0,0,0,0)&#8221; btn_hover_bg=&#8221;rgba(0,0,0,0)&#8221; btn_hover_txt_color=&#8221;rgba(255,255,255,0.8)&#8221;]VER M\u00c1S[\/mk_button][mk_padding_divider size=&#8221;70&#8243; visibility=&#8221;hidden-sm&#8221;][\/vc_column][\/mk_page_section][mk_page_section layout_structure=&#8221;half_left&#8221; bg_image=&#8221;\/fcc\/wp-content\/uploads\/2019\/06\/fcc-fishmeal-fishoil.jpg&#8221; bg_color=&#8221;#224f7d&#8221;][vc_column][mk_padding_divider size=&#8221;140&#8243;][mk_fancy_title tag_name=&#8221;h4&#8243; color=&#8221;#000000&#8243; size=&#8221;22&#8243; font_weight=&#8221;400&#8243; txt_transform=&#8221;uppercase&#8221; letter_spacing=&#8221;2.4&#8243; font_family=&#8221;none&#8221; align=&#8221;center&#8221;]\n<h2 style=\"text-align: left;\"><span style=\"color: #ffffff;\">HARINA DE PESCADO<\/span><\/h2>\n[\/mk_fancy_title][vc_column_text css=&#8221;.vc_custom_1566780756898{margin-bottom: 0px !important;}&#8221;]\n<p style=\"text-align: justify;\"><span style=\"color: #ffffff;\">Nuestra planta de harina y aceite de pescado entrega productos de prote\u00edna de pescado de alta calidad, de acuerdo a las especificaciones requeridas por cada uno de nuestros clientes.<\/span><\/p>\n[\/vc_column_text][mk_button dimension=&#8221;flat&#8221; size=&#8221;large&#8221; url=&#8221;\/fcc\/brochure\/FoodCorp-Dispt-Digital2018.pdf&#8221; target=&#8221;_blank&#8221; el_class=&#8221;custom-jueves-btn&#8221; bg_color=&#8221;rgba(0,0,0,0)&#8221; btn_hover_bg=&#8221;rgba(0,0,0,0)&#8221; btn_hover_txt_color=&#8221;rgba(0,0,0,0.6)&#8221;]VER M\u00c1S[\/mk_button][mk_padding_divider size=&#8221;120&#8243; visibility=&#8221;hidden-sm&#8221;][\/vc_column][\/mk_page_section][mk_page_section bg_image=&#8221;\/fcc\/wp-content\/uploads\/2019\/06\/lance-anderson-438724-unsplash.jpg&#8221; bg_stretch=&#8221;true&#8221; enable_3d=&#8221;true&#8221; video_color_mask=&#8221;#224f7d&#8221; video_opacity=&#8221;0.9&#8243; padding_top=&#8221;80&#8243; padding_bottom=&#8221;80&#8243; sidebar=&#8221;sidebar-1&#8243;][vc_column width=&#8221;2\/3&#8243;][mk_fancy_title tag_name=&#8221;h4&#8243; color=&#8221;#ffffff&#8221; size=&#8221;30&#8243; force_font_size=&#8221;true&#8221; size_phone=&#8221;20&#8243; line_height=&#8221;0&#8243; font_weight=&#8221;400&#8243; font_style=&#8221;normal&#8221; txt_transform=&#8221;uppercase&#8221; letter_spacing=&#8221;6.7&#8243; margin_top=&#8221;20&#8243; margin_bottom=&#8221;10&#8243; font_family=&#8221;Montserrat&#8221; font_type=&#8221;google&#8221; animation=&#8221;left-to-right&#8221;]\u00bfConsultas?[\/mk_fancy_title][vc_column_text disable_pattern=&#8221;false&#8221; css=&#8221;.vc_custom_1560635802823{margin-bottom: 0px !important;}&#8221;]<span style=\"color: #ffffff;\">Para m\u00e1s informaci\u00f3n sobre nuestros servicios, visita nuestra p\u00e1gina de contacto.<\/span>[\/vc_column_text][\/vc_column][vc_column width=&#8221;1\/3&#8243;][mk_padding_divider size=&#8221;15&#8243;][\/vc_column][\/mk_page_section]\n","protected":false},"excerpt":{"rendered":"<p>[mk_page_section bg_image=&#8221;\/fcc\/wp-content\/uploads\/2019\/06\/fcc-jurel-fresco-1.jpg&#8221; bg_color=&#8221;rgba(10,10,10,0.01)&#8221; bg_position=&#8221;left center&#8221; bg_stretch=&#8221;true&#8221; enable_3d=&#8221;true&#8221; bg_gradient=&#8221;left_top&#8221; video_color_mask=&#8221;rgba(0,0,0,0.8)&#8221; gr_end=&#8221;rgba(0,0,0,0.35)&#8221; video_opacity=&#8221;1&#8243; top_shape_style=&#8221;folded-top&#8221; top_shape_size=&#8221;small&#8221; top_shape_color=&#8221;#ffffff&#8221; bottom_shape_style=&#8221;folded-bottom&#8221; bottom_shape_size=&#8221;small&#8221; bottom_shape_color=&#8221;#ffffff&#8221; el_class=&#8221;custom-jueves-gradient-bg&#8221; sidebar=&#8221;sidebar-1&#8243;][vc_column][mk_padding_divider size=&#8221;140&#8243; visibility=&#8221;hidden-sm&#8221;][mk_padding_divider size=&#8221;100&#8243;][mk_fancy_title tag_name=&#8221;h4&#8243; color=&#8221;#ffffff&#8221; size=&#8221;30&#8243; force_font_size=&#8221;true&#8221; size_tablet=&#8221;15&#8243; size_phone=&#8221;15&#8243; line_height=&#8221;0&#8243; font_weight=&#8221;400&#8243; font_style=&#8221;normal&#8221; txt_transform=&#8221;uppercase&#8221; letter_spacing=&#8221;6.7&#8243; margin_bottom=&#8221;0&#8243; font_family=&#8221;Montserrat&#8221; font_type=&#8221;google&#8221; animation=&#8221;left-to-right&#8221;] Descubre nuestros [\/mk_fancy_title][mk_fancy_title strip_tags=&#8221;true&#8221; tag_name=&#8221;h1&#8243; color=&#8221;#ffffff&#8221; size=&#8221;56&#8243; force_font_size=&#8221;true&#8221; size_tablet=&#8221;40&#8243; size_phone=&#8221;30&#8243; font_weight=&#8221;bold&#8221; font_style=&#8221;normal&#8221; txt_transform=&#8221;uppercase&#8221; letter_spacing=&#8221;10&#8243; margin_bottom=&#8221;0&#8243; font_family=&#8221;Montserrat&#8221; font_type=&#8221;google&#8221; animation=&#8221;left-to-right&#8221;]Productos[\/mk_fancy_title][mk_divider [&hellip;]<\/p>\n","protected":false},"author":1,"featured_media":0,"parent":0,"menu_order":0,"comment_status":"closed","ping_status":"closed","template":"","meta":{"footnotes":""},"class_list":["post-239","page","type-page","status-publish","hentry"],"acf":[],"_links":{"self":[{"href":"https:\/\/www.fcc.cl\/fcc\/wp-json\/wp\/v2\/pages\/239"}],"collection":[{"href":"https:\/\/www.fcc.cl\/fcc\/wp-json\/wp\/v2\/pages"}],"about":[{"href":"https:\/\/www.fcc.cl\/fcc\/wp-json\/wp\/v2\/types\/page"}],"author":[{"embeddable":true,"href":"https:\/\/www.fcc.cl\/fcc\/wp-json\/wp\/v2\/users\/1"}],"replies":[{"embeddable":true,"href":"https:\/\/www.fcc.cl\/fcc\/wp-json\/wp\/v2\/comments?post=239"}],"version-history":[{"count":25,"href":"https:\/\/www.fcc.cl\/fcc\/wp-json\/wp\/v2\/pages\/239\/revisions"}],"predecessor-version":[{"id":916,"href":"https:\/\/www.fcc.cl\/fcc\/wp-json\/wp\/v2\/pages\/239\/revisions\/916"}],"wp:attachment":[{"href":"https:\/\/www.fcc.cl\/fcc\/wp-json\/wp\/v2\/media?parent=239"}],"curies":[{"name":"wp","href":"https:\/\/api.w.org\/{rel}","templated":true}]}}