{"id":250,"date":"2019-06-15T17:26:50","date_gmt":"2019-06-15T21:26:50","guid":{"rendered":"http:\/\/www.capitan.cl\/?page_id=250"},"modified":"2024-09-06T01:00:37","modified_gmt":"2024-09-06T05:00:37","slug":"quienes-somos","status":"publish","type":"page","link":"https:\/\/www.fcc.cl\/fcc\/es\/quienes-somos\/","title":{"rendered":"Quienes Somos"},"content":{"rendered":"<div class=\"wpb-content-wrapper\">[mk_page_section bg_image=&#8221;\/fcc\/wp-content\/uploads\/2019\/06\/fcc_hq.jpg&#8221; bg_color=&#8221;rgba(10,10,10,0.01)&#8221; bg_position=&#8221;left center&#8221; bg_stretch=&#8221;true&#8221; enable_3d=&#8221;true&#8221; bg_video=&#8221;yes&#8221; mp4=&#8221;\/capitan\/brochure\/video_corp_fcc_2018r.mp4 &#8221; webm=&#8221;\/capitan\/brochure\/video_corp_fcc.webm&#8221; bg_gradient=&#8221;left_top&#8221; video_color_mask=&#8221;rgba(0,0,0,0.8)&#8221; gr_end=&#8221;rgba(0,0,0,0.35)&#8221; video_opacity=&#8221;1&#8243; adaptive_height=&#8221;true&#8221; full_height=&#8221;true&#8221; padding_bottom=&#8221;80&#8243; skip_arrow=&#8221;true&#8221; top_shape_style=&#8221;jagged-rounded-top&#8221; top_shape_color=&#8221;#ffffff&#8221; bottom_shape_size=&#8221;small&#8221; bottom_shape_color=&#8221;#ffffff&#8221; el_class=&#8221;custom-jueves-gradient-bg&#8221; sidebar=&#8221;sidebar-1&#8243;][vc_column][mk_padding_divider size=&#8221;140&#8243; visibility=&#8221;hidden-sm&#8221;][mk_padding_divider size=&#8221;100&#8243;][mk_fancy_title tag_name=&#8221;h4&#8243; color=&#8221;#ffffff&#8221; size=&#8221;30&#8243; force_font_size=&#8221;true&#8221; size_tablet=&#8221;15&#8243; size_phone=&#8221;15&#8243; line_height=&#8221;0&#8243; font_weight=&#8221;400&#8243; font_style=&#8221;normal&#8221; txt_transform=&#8221;uppercase&#8221; letter_spacing=&#8221;6.7&#8243; margin_bottom=&#8221;0&#8243; font_family=&#8221;Montserrat&#8221; font_type=&#8221;google&#8221; animation=&#8221;left-to-right&#8221;]\n<p class=\"p1\"><span class=\"s1\">Todo lo que quieres saber de<\/span><\/p>\n[\/mk_fancy_title][mk_fancy_title strip_tags=&#8221;true&#8221; tag_name=&#8221;h1&#8243; color=&#8221;#ffffff&#8221; size=&#8221;56&#8243; force_font_size=&#8221;true&#8221; size_tablet=&#8221;40&#8243; size_phone=&#8221;30&#8243; font_weight=&#8221;bold&#8221; font_style=&#8221;normal&#8221; txt_transform=&#8221;uppercase&#8221; letter_spacing=&#8221;12.6&#8243; margin_bottom=&#8221;0&#8243; font_family=&#8221;Montserrat&#8221; font_type=&#8221;google&#8221; animation=&#8221;left-to-right&#8221;]NOSOTROS[\/mk_fancy_title][mk_divider style=&#8221;thin_solid&#8221; divider_width=&#8221;one_fourth&#8221; align=&#8221;left&#8221; thin_single_color=&#8221;#ffffff&#8221; thickness=&#8221;7&#8243; margin_top=&#8221;0&#8243; margin_bottom=&#8221;120&#8243; visibility=&#8221;hidden-sm&#8221;][\/vc_column][\/mk_page_section][vc_row fullwidth=&#8221;true&#8221; fullwidth_content=&#8221;false&#8221;][vc_column][mk_padding_divider size=&#8221;30&#8243;][mk_fancy_title color=&#8221;#000000&#8243; size=&#8221;42&#8243; force_font_size=&#8221;true&#8221; size_tablet=&#8221;35&#8243; size_phone=&#8221;25&#8243; font_weight=&#8221;bold&#8221; font_style=&#8221;normal&#8221; margin_bottom=&#8221;0&#8243; font_family=&#8221;Montserrat&#8221; font_type=&#8221;google&#8221; align=&#8221;center&#8221; animation=&#8221;right-to-left&#8221; el_class=&#8221;custom-jueves-heading&#8221;]Descubre que hacemos[\/mk_fancy_title][mk_padding_divider size=&#8221;5&#8243;][mk_button dimension=&#8221;outline&#8221; corner_style=&#8221;full_rounded&#8221; size=&#8221;medium&#8221; url=&#8221;\/fcc\/wp-content\/uploads\/2024\/08\/video_corp_fcc_2018r.mp4&#8243; align=&#8221;center&#8221; button_custom_width=&#8221;250&#8243; el_class=&#8221;custom-jueves-btn&#8221; outline_skin=&#8221;custom&#8221; outline_active_text_color=&#8221;#000000&#8243; outline_hover_bg_color=&#8221;#000000&#8243; outline_hover_color=&#8221;#ffffff&#8221;]NUESTRO VIDEO[\/mk_button][\/vc_column][\/vc_row][mk_page_section][vc_column css=&#8221;.vc_custom_1565823041410{padding-right: 0px !important;padding-left: 0px !important;}&#8221;][mk_padding_divider][mk_fancy_title tag_name=&#8221;h3&#8243; color=&#8221;#000000&#8243; size=&#8221;22&#8243; font_weight=&#8221;400&#8243; txt_transform=&#8221;uppercase&#8221; letter_spacing=&#8221;2.4&#8243; margin_bottom=&#8221;0&#8243; font_family=&#8221;none&#8221; responsive_align=&#8221;left&#8221;]La Empresa[\/mk_fancy_title][mk_divider style=&#8221;thin_solid&#8221; divider_width=&#8221;custom_width&#8221; custom_width=&#8221;70&#8243; align=&#8221;left&#8221; thin_single_color=&#8221;#a9a9a9&#8243; thickness=&#8221;7&#8243; margin_top=&#8221;0&#8243; margin_bottom=&#8221;0&#8243;][vc_row_inner css=&#8221;.vc_custom_1565823005837{padding-right: 0px !important;padding-left: 0px !important;}&#8221;][vc_column_inner width=&#8221;1\/2&#8243; css=&#8221;.vc_custom_1584211137960{padding-left: 0px !important;}&#8221;][vc_column_text css=&#8221;.vc_custom_1566783346255{margin-bottom: 0px !important;}&#8221;]\n<p style=\"text-align: Justify;\">FoodCorp es una empresa con una gran tradici\u00f3n en la industria pesquera. Todos sus recursos son capturados desde las ricas y puras aguas del Oc\u00e9ano Pac\u00edfico Sur. Un selecto equipo humano garantiza la m\u00e1s alta calidad de nuestros productos del mar, tanto para consumo humano directo como indirecto: harina y aceite de pescado, conserva y congelado de pescado y calamar gigante.<\/p>\n[\/vc_column_text][\/vc_column_inner][vc_column_inner width=&#8221;1\/2&#8243; css=&#8221;.vc_custom_1584211122706{padding-right: 0px !important;}&#8221;][vc_column_text css=&#8221;.vc_custom_1566783396148{margin-bottom: 0px !important;}&#8221;]\n<p style=\"text-align: Justify;\">En su rol como empresa l\u00edder y uno de los actores m\u00e1s relevantes de la industria pesquera de la zona centro-sur de Chile, se ha preocupado en forma especial de la sustentabilidad de los recursos, apoyando activamente las actividades de investigaci\u00f3n y mejoras medioambientales, trabajando en estrecha relaci\u00f3n con todos sus grupos de inter\u00e9s.<\/p>\n<p style=\"text-align: Justify;\">Este modo de hacer las cosas, nos permite asegurar la entrega de productos marinos de calidad para el mundo.<\/p>\n[\/vc_column_text][\/vc_column_inner][\/vc_row_inner][mk_padding_divider][\/vc_column][\/mk_page_section][mk_page_section vertical_align=&#8221;top&#8221; bg_color=&#8221;#ffffff&#8221; blend_mode=&#8221;darken&#8221; attachment=&#8221;fixed&#8221; sidebar=&#8221;sidebar-1&#8243;][vc_column width=&#8221;1\/2&#8243;][vc_gmaps link=&#8221;#E-8_JTNDaWZyYW1lJTIwc3JjJTNEJTIyaHR0cHMlM0ElMkYlMkZ3d3cuZ29vZ2xlLmNvbSUyRm1hcHMlMkZlbWJlZCUzRnBiJTNEJTIxMW0xOCUyMTFtMTIlMjExbTMlMjExZDQ4ODgyMDY2LjE0NjExOTE1NSUyMTJkLTkyLjI4NTU1MTM4OTQ5MjgxJTIxM2QtNDEuNjAxMTY3NDc2NDQwODY0JTIxMm0zJTIxMWYwJTIxMmYwJTIxM2YwJTIxM20yJTIxMWkxMDI0JTIxMmk3NjglMjE0ZjEzLjElMjEzbTMlMjExbTIlMjExczB4OTY2MmNmMTU3ZGFlYWZkOSUyNTNBMHhjYWIyYzJjYjViMDQ0ZDc2JTIxMnNGb29kY29ycCUyQkNoaWxlJTJCUy5BLiUyMTVlMCUyMTNtMiUyMTFzZW4lMjEyc3VzJTIxNHYxNTYwNjQ3MTA3MjI1JTIxNW0yJTIxMXNlbiUyMTJzdXMlMjIlMjB3aWR0aCUzRCUyMjYwMCUyMiUyMGhlaWdodCUzRCUyMjQ1MCUyMiUyMGZyYW1lYm9yZGVyJTNEJTIyMCUyMiUyMHN0eWxlJTNEJTIyYm9yZGVyJTNBMCUyMiUyMGFsbG93ZnVsbHNjcmVlbiUzRSUzQyUyRmlmcmFtZSUzRQ==&#8221;][\/vc_column][vc_column width=&#8221;1\/2&#8243;][mk_padding_divider][mk_fancy_title tag_name=&#8221;h3&#8243; color=&#8221;#000000&#8243; size=&#8221;22&#8243; font_weight=&#8221;400&#8243; txt_transform=&#8221;uppercase&#8221; letter_spacing=&#8221;2.4&#8243; margin_bottom=&#8221;0&#8243; font_family=&#8221;none&#8221; responsive_align=&#8221;left&#8221;]Ubicaci\u00f3n[\/mk_fancy_title][mk_divider style=&#8221;thin_solid&#8221; divider_width=&#8221;custom_width&#8221; custom_width=&#8221;70&#8243; align=&#8221;left&#8221; thin_single_color=&#8221;#a9a9a9&#8243; thickness=&#8221;7&#8243; margin_top=&#8221;0&#8243; margin_bottom=&#8221;40&#8243;][vc_column_text css=&#8221;.vc_custom_1566783492055{margin-bottom: 0px !important;}&#8221;]\n<p class=\"p1\" style=\"text-align: justify;\">Nuestras instalaciones se encuentran en el centro geogr\u00e1fico de Chile continental, en el Golfo de Arauco, Regi\u00f3n del Biob\u00edo. Esta es un \u00e1rea privilegiada, debido a la riqueza y variedad de sus recursos marinos y a su estrat\u00e9gica posici\u00f3n geogr\u00e1fica, en una regi\u00f3n que ofrece puertos altamente desarrollados, una buena red de carreteras e infraestructura industrial y comercial.<\/p>\n[\/vc_column_text][mk_padding_divider][\/vc_column][\/mk_page_section][mk_page_section bg_image=&#8221;\/fcc\/wp-content\/uploads\/2019\/06\/lance-anderson-438724-unsplash.jpg&#8221; bg_stretch=&#8221;true&#8221; enable_3d=&#8221;true&#8221; video_color_mask=&#8221;#224f7d&#8221; video_opacity=&#8221;0.9&#8243; padding_top=&#8221;80&#8243; padding_bottom=&#8221;80&#8243; sidebar=&#8221;sidebar-1&#8243;][vc_column width=&#8221;2\/3&#8243;][mk_fancy_title tag_name=&#8221;h4&#8243; color=&#8221;#ffffff&#8221; size=&#8221;30&#8243; force_font_size=&#8221;true&#8221; size_phone=&#8221;20&#8243; line_height=&#8221;0&#8243; font_weight=&#8221;400&#8243; font_style=&#8221;normal&#8221; txt_transform=&#8221;uppercase&#8221; letter_spacing=&#8221;6.7&#8243; margin_top=&#8221;20&#8243; margin_bottom=&#8221;10&#8243; font_family=&#8221;Montserrat&#8221; font_type=&#8221;google&#8221; animation=&#8221;left-to-right&#8221;]\u00bfConsultas?[\/mk_fancy_title][vc_column_text disable_pattern=&#8221;false&#8221; css=&#8221;.vc_custom_1565473153404{margin-bottom: 0px !important;}&#8221;]<span style=\"color: #ffffff;\">Para m\u00e1s informaci\u00f3n sobre nuestros servicios, visita nuestra p\u00e1gina de contacto.<\/span>[\/vc_column_text][\/vc_column][vc_column width=&#8221;1\/3&#8243;][mk_padding_divider size=&#8221;15&#8243;][\/vc_column][\/mk_page_section]\n<\/div>","protected":false},"excerpt":{"rendered":"<p>[mk_page_section bg_image=&#8221;\/fcc\/wp-content\/uploads\/2019\/06\/fcc_hq.jpg&#8221; bg_color=&#8221;rgba(10,10,10,0.01)&#8221; bg_position=&#8221;left center&#8221; bg_stretch=&#8221;true&#8221; enable_3d=&#8221;true&#8221; bg_video=&#8221;yes&#8221; mp4=&#8221;\/capitan\/brochure\/video_corp_fcc_2018r.mp4 &#8221; webm=&#8221;\/capitan\/brochure\/video_corp_fcc.webm&#8221; bg_gradient=&#8221;left_top&#8221; video_color_mask=&#8221;rgba(0,0,0,0.8)&#8221; gr_end=&#8221;rgba(0,0,0,0.35)&#8221; video_opacity=&#8221;1&#8243; adaptive_height=&#8221;true&#8221; full_height=&#8221;true&#8221; padding_bottom=&#8221;80&#8243; skip_arrow=&#8221;true&#8221; top_shape_style=&#8221;jagged-rounded-top&#8221; top_shape_color=&#8221;#ffffff&#8221; bottom_shape_size=&#8221;small&#8221; bottom_shape_color=&#8221;#ffffff&#8221; el_class=&#8221;custom-jueves-gradient-bg&#8221; sidebar=&#8221;sidebar-1&#8243;][vc_column][mk_padding_divider size=&#8221;140&#8243; visibility=&#8221;hidden-sm&#8221;][mk_padding_divider size=&#8221;100&#8243;][mk_fancy_title tag_name=&#8221;h4&#8243; color=&#8221;#ffffff&#8221; size=&#8221;30&#8243; force_font_size=&#8221;true&#8221; size_tablet=&#8221;15&#8243; size_phone=&#8221;15&#8243; line_height=&#8221;0&#8243; font_weight=&#8221;400&#8243; font_style=&#8221;normal&#8221; txt_transform=&#8221;uppercase&#8221; letter_spacing=&#8221;6.7&#8243; margin_bottom=&#8221;0&#8243; font_family=&#8221;Montserrat&#8221; font_type=&#8221;google&#8221; animation=&#8221;left-to-right&#8221;] Todo lo que quieres saber de [\/mk_fancy_title][mk_fancy_title strip_tags=&#8221;true&#8221; tag_name=&#8221;h1&#8243; color=&#8221;#ffffff&#8221; size=&#8221;56&#8243; force_font_size=&#8221;true&#8221; [&hellip;]<\/p>\n","protected":false},"author":1,"featured_media":0,"parent":0,"menu_order":0,"comment_status":"closed","ping_status":"closed","template":"","meta":{"footnotes":""},"class_list":["post-250","page","type-page","status-publish","hentry"],"acf":[],"_links":{"self":[{"href":"https:\/\/www.fcc.cl\/fcc\/wp-json\/wp\/v2\/pages\/250"}],"collection":[{"href":"https:\/\/www.fcc.cl\/fcc\/wp-json\/wp\/v2\/pages"}],"about":[{"href":"https:\/\/www.fcc.cl\/fcc\/wp-json\/wp\/v2\/types\/page"}],"author":[{"embeddable":true,"href":"https:\/\/www.fcc.cl\/fcc\/wp-json\/wp\/v2\/users\/1"}],"replies":[{"embeddable":true,"href":"https:\/\/www.fcc.cl\/fcc\/wp-json\/wp\/v2\/comments?post=250"}],"version-history":[{"count":17,"href":"https:\/\/www.fcc.cl\/fcc\/wp-json\/wp\/v2\/pages\/250\/revisions"}],"predecessor-version":[{"id":843,"href":"https:\/\/www.fcc.cl\/fcc\/wp-json\/wp\/v2\/pages\/250\/revisions\/843"}],"wp:attachment":[{"href":"https:\/\/www.fcc.cl\/fcc\/wp-json\/wp\/v2\/media?parent=250"}],"curies":[{"name":"wp","href":"https:\/\/api.w.org\/{rel}","templated":true}]}}