{"id":654,"date":"2024-04-16T17:09:58","date_gmt":"2024-04-16T21:09:58","guid":{"rendered":"https:\/\/181.212.124.11\/fcc\/?page_id=654"},"modified":"2024-10-02T16:41:46","modified_gmt":"2024-10-02T20:41:46","slug":"sgen","status":"publish","type":"page","link":"https:\/\/www.fcc.cl\/fcc\/es\/sgen\/","title":{"rendered":"Nuestra Pol\u00edtica Energ\u00e9tica"},"content":{"rendered":"[mk_page_section bg_image=&#8221;\/fcc\/wp-content\/uploads\/2019\/08\/chivilingo.jpg&#8221; bg_color=&#8221;rgba(10,10,10,0.01)&#8221; bg_position=&#8221;left center&#8221; bg_stretch=&#8221;true&#8221; enable_3d=&#8221;true&#8221; bg_gradient=&#8221;left_top&#8221; video_color_mask=&#8221;rgba(0,0,0,0.8)&#8221; gr_end=&#8221;rgba(0,0,0,0.35)&#8221; video_opacity=&#8221;1&#8243; top_shape_style=&#8221;folded-top&#8221; top_shape_size=&#8221;small&#8221; top_shape_color=&#8221;#ffffff&#8221; bottom_shape_style=&#8221;folded-bottom&#8221; bottom_shape_size=&#8221;small&#8221; bottom_shape_color=&#8221;#ffffff&#8221; el_class=&#8221;custom-jueves-gradient-bg&#8221; sidebar=&#8221;sidebar-1&#8243;][vc_column][mk_padding_divider size=&#8221;140&#8243; visibility=&#8221;hidden-sm&#8221;][mk_padding_divider size=&#8221;100&#8243;][mk_fancy_title strip_tags=&#8221;true&#8221; tag_name=&#8221;h1&#8243; color=&#8221;#ffffff&#8221; size=&#8221;56&#8243; force_font_size=&#8221;true&#8221; size_tablet=&#8221;40&#8243; size_phone=&#8221;30&#8243; font_weight=&#8221;bold&#8221; font_style=&#8221;normal&#8221; txt_transform=&#8221;uppercase&#8221; letter_spacing=&#8221;10&#8243; margin_bottom=&#8221;0&#8243; font_family=&#8221;Montserrat&#8221; font_type=&#8221;google&#8221; animation=&#8221;left-to-right&#8221;]NUESTRA POL\u00cdTICA ENERG\u00c9TICA[\/mk_fancy_title][mk_divider style=&#8221;thin_solid&#8221; divider_width=&#8221;one_fourth&#8221; align=&#8221;left&#8221; thin_single_color=&#8221;#204182&#8243; thickness=&#8221;7&#8243; margin_top=&#8221;0&#8243; margin_bottom=&#8221;120&#8243; visibility=&#8221;hidden-sm&#8221;][\/vc_column][\/mk_page_section][mk_page_section layout_structure=&#8221;half_left&#8221; bg_image=&#8221;\/fcc\/wp-content\/uploads\/2019\/08\/marpro_bow.jpg&#8221; bg_color=&#8221;#224f7d&#8221; full_width=&#8221;true&#8221;][vc_column css=&#8221;.vc_custom_1565480872137{margin-right: 0px !important;border-right-width: 0px !important;padding-right: 0px !important;}&#8221;][mk_padding_divider][mk_icon_box icon=&#8221;mk-icon-file-pdf-o&#8221; title=&#8221;Pol\u00edtica Energ\u00e9tica Foodcorp Chile S.A.&#8221; text_size=&#8221;20&#8243; font_weight=&#8221;600&#8243; read_more_url=&#8221;\/fcc\/wp-content\/uploads\/sgen\/politica-energetica-foodcorp-chile.pdf&#8221; icon_size=&#8221;large&#8221; icon_color=&#8221;#ffffff&#8221; icon_circle_color=&#8221;&#8221; title_color=&#8221;#ffffff&#8221;][\/mk_icon_box][mk_icon_box icon=&#8221;mk-icon-file-pdf-o&#8221; title=&#8221;Sistema de Gesti\u00f3n de la Energ\u00eda (SGEn)&#8221; text_size=&#8221;20&#8243; font_weight=&#8221;600&#8243; read_more_url=&#8221;\/fcc\/wp-content\/uploads\/sgen\/SGEn-Version-1-FoodCorp.pdf&#8221; icon_size=&#8221;large&#8221; icon_color=&#8221;#ffffff&#8221; icon_circle_color=&#8221;&#8221; title_color=&#8221;#ffffff&#8221;][\/mk_icon_box][mk_padding_divider][\/vc_column][\/mk_page_section][mk_page_section bg_image=&#8221;\/fcc\/wp-content\/uploads\/2019\/06\/lance-anderson-438724-unsplash.jpg&#8221; bg_stretch=&#8221;true&#8221; enable_3d=&#8221;true&#8221; video_color_mask=&#8221;#224f7d&#8221; video_opacity=&#8221;0.9&#8243; padding_top=&#8221;80&#8243; padding_bottom=&#8221;80&#8243; sidebar=&#8221;sidebar-1&#8243;][vc_column width=&#8221;2\/3&#8243;][mk_fancy_title tag_name=&#8221;h4&#8243; color=&#8221;#ffffff&#8221; size=&#8221;30&#8243; force_font_size=&#8221;true&#8221; size_phone=&#8221;20&#8243; line_height=&#8221;0&#8243; font_weight=&#8221;400&#8243; font_style=&#8221;normal&#8221; txt_transform=&#8221;uppercase&#8221; letter_spacing=&#8221;6.7&#8243; margin_top=&#8221;20&#8243; margin_bottom=&#8221;10&#8243; font_family=&#8221;Montserrat&#8221; font_type=&#8221;google&#8221; animation=&#8221;left-to-right&#8221;]\u00bfCons\u00faltas?[\/mk_fancy_title][vc_column_text disable_pattern=&#8221;false&#8221; css=&#8221;.vc_custom_1560635802823{margin-bottom: 0px !important;}&#8221;]<span style=\"color: #ffffff;\">Para m\u00e1s informaci\u00f3n sobre nuestros servicios, visita nuestra p\u00e1gina de contacto.<\/span>[\/vc_column_text][\/vc_column][vc_column width=&#8221;1\/3&#8243;][mk_padding_divider size=&#8221;15&#8243;][\/vc_column][\/mk_page_section]\n","protected":false},"excerpt":{"rendered":"<p>[mk_page_section bg_image=&#8221;\/fcc\/wp-content\/uploads\/2019\/08\/chivilingo.jpg&#8221; bg_color=&#8221;rgba(10,10,10,0.01)&#8221; bg_position=&#8221;left center&#8221; bg_stretch=&#8221;true&#8221; enable_3d=&#8221;true&#8221; bg_gradient=&#8221;left_top&#8221; video_color_mask=&#8221;rgba(0,0,0,0.8)&#8221; gr_end=&#8221;rgba(0,0,0,0.35)&#8221; video_opacity=&#8221;1&#8243; top_shape_style=&#8221;folded-top&#8221; top_shape_size=&#8221;small&#8221; top_shape_color=&#8221;#ffffff&#8221; bottom_shape_style=&#8221;folded-bottom&#8221; bottom_shape_size=&#8221;small&#8221; bottom_shape_color=&#8221;#ffffff&#8221; el_class=&#8221;custom-jueves-gradient-bg&#8221; sidebar=&#8221;sidebar-1&#8243;][vc_column][mk_padding_divider size=&#8221;140&#8243; visibility=&#8221;hidden-sm&#8221;][mk_padding_divider size=&#8221;100&#8243;][mk_fancy_title strip_tags=&#8221;true&#8221; tag_name=&#8221;h1&#8243; color=&#8221;#ffffff&#8221; size=&#8221;56&#8243; force_font_size=&#8221;true&#8221; size_tablet=&#8221;40&#8243; size_phone=&#8221;30&#8243; font_weight=&#8221;bold&#8221; font_style=&#8221;normal&#8221; txt_transform=&#8221;uppercase&#8221; letter_spacing=&#8221;10&#8243; margin_bottom=&#8221;0&#8243; font_family=&#8221;Montserrat&#8221; font_type=&#8221;google&#8221; animation=&#8221;left-to-right&#8221;]NUESTRA POL\u00cdTICA ENERG\u00c9TICA[\/mk_fancy_title][mk_divider style=&#8221;thin_solid&#8221; divider_width=&#8221;one_fourth&#8221; align=&#8221;left&#8221; thin_single_color=&#8221;#204182&#8243; thickness=&#8221;7&#8243; margin_top=&#8221;0&#8243; margin_bottom=&#8221;120&#8243; visibility=&#8221;hidden-sm&#8221;][\/vc_column][\/mk_page_section][mk_page_section layout_structure=&#8221;half_left&#8221; bg_image=&#8221;\/fcc\/wp-content\/uploads\/2019\/08\/marpro_bow.jpg&#8221; bg_color=&#8221;#224f7d&#8221; full_width=&#8221;true&#8221;][vc_column css=&#8221;.vc_custom_1565480872137{margin-right: 0px !important;border-right-width: 0px [&hellip;]<\/p>\n","protected":false},"author":4,"featured_media":0,"parent":0,"menu_order":0,"comment_status":"closed","ping_status":"closed","template":"","meta":{"footnotes":""},"class_list":["post-654","page","type-page","status-publish","hentry"],"acf":[],"_links":{"self":[{"href":"https:\/\/www.fcc.cl\/fcc\/wp-json\/wp\/v2\/pages\/654"}],"collection":[{"href":"https:\/\/www.fcc.cl\/fcc\/wp-json\/wp\/v2\/pages"}],"about":[{"href":"https:\/\/www.fcc.cl\/fcc\/wp-json\/wp\/v2\/types\/page"}],"author":[{"embeddable":true,"href":"https:\/\/www.fcc.cl\/fcc\/wp-json\/wp\/v2\/users\/4"}],"replies":[{"embeddable":true,"href":"https:\/\/www.fcc.cl\/fcc\/wp-json\/wp\/v2\/comments?post=654"}],"version-history":[{"count":7,"href":"https:\/\/www.fcc.cl\/fcc\/wp-json\/wp\/v2\/pages\/654\/revisions"}],"predecessor-version":[{"id":888,"href":"https:\/\/www.fcc.cl\/fcc\/wp-json\/wp\/v2\/pages\/654\/revisions\/888"}],"wp:attachment":[{"href":"https:\/\/www.fcc.cl\/fcc\/wp-json\/wp\/v2\/media?parent=654"}],"curies":[{"name":"wp","href":"https:\/\/api.w.org\/{rel}","templated":true}]}}