{"id":748,"date":"2024-08-05T15:26:35","date_gmt":"2024-08-05T19:26:35","guid":{"rendered":"https:\/\/181.212.124.11\/fcc\/?page_id=748"},"modified":"2024-10-03T22:41:36","modified_gmt":"2024-10-04T02:41:36","slug":"denuncias","status":"publish","type":"page","link":"https:\/\/www.fcc.cl\/fcc\/es\/denuncias\/","title":{"rendered":"Denuncias"},"content":{"rendered":"<div class=\"wpb-content-wrapper\">[mk_page_section bg_image=&#8221;\/fcc\/wp-content\/uploads\/2019\/06\/fcc-jurel-fresco-1.jpg&#8221; bg_color=&#8221;rgba(10,10,10,0.01)&#8221; bg_position=&#8221;left center&#8221; bg_stretch=&#8221;true&#8221; enable_3d=&#8221;true&#8221; bg_gradient=&#8221;left_top&#8221; video_color_mask=&#8221;rgba(0,0,0,0.8)&#8221; gr_end=&#8221;rgba(0,0,0,0.35)&#8221; video_opacity=&#8221;1&#8243; top_shape_style=&#8221;folded-top&#8221; top_shape_size=&#8221;small&#8221; top_shape_color=&#8221;#ffffff&#8221; bottom_shape_style=&#8221;folded-bottom&#8221; bottom_shape_size=&#8221;small&#8221; bottom_shape_color=&#8221;#ffffff&#8221; el_class=&#8221;custom-jueves-gradient-bg&#8221; sidebar=&#8221;sidebar-1&#8243;][vc_column][mk_padding_divider size=&#8221;140&#8243; visibility=&#8221;hidden-sm&#8221;][mk_padding_divider size=&#8221;100&#8243;][mk_fancy_title tag_name=&#8221;h4&#8243; color=&#8221;#ffffff&#8221; size=&#8221;30&#8243; force_font_size=&#8221;true&#8221; size_tablet=&#8221;15&#8243; size_phone=&#8221;15&#8243; line_height=&#8221;0&#8243; font_weight=&#8221;400&#8243; font_style=&#8221;normal&#8221; txt_transform=&#8221;uppercase&#8221; letter_spacing=&#8221;6.7&#8243; margin_bottom=&#8221;0&#8243; font_family=&#8221;Montserrat&#8221; font_type=&#8221;google&#8221; animation=&#8221;left-to-right&#8221;]\n<p class=\"p1\"><span class=\"s1\">env\u00edanos tus<\/span><\/p>\n[\/mk_fancy_title][mk_fancy_title strip_tags=&#8221;true&#8221; tag_name=&#8221;h1&#8243; color=&#8221;#ffffff&#8221; size=&#8221;56&#8243; force_font_size=&#8221;true&#8221; size_tablet=&#8221;40&#8243; size_phone=&#8221;30&#8243; font_weight=&#8221;bold&#8221; font_style=&#8221;normal&#8221; txt_transform=&#8221;uppercase&#8221; letter_spacing=&#8221;10&#8243; margin_bottom=&#8221;0&#8243; font_family=&#8221;Montserrat&#8221; font_type=&#8221;google&#8221; animation=&#8221;left-to-right&#8221;]Denuncias[\/mk_fancy_title][mk_divider style=&#8221;thin_solid&#8221; divider_width=&#8221;one_fourth&#8221; align=&#8221;left&#8221; thin_single_color=&#8221;#204182&#8243; thickness=&#8221;7&#8243; margin_top=&#8221;0&#8243; margin_bottom=&#8221;120&#8243; visibility=&#8221;hidden-sm&#8221;][\/vc_column][\/mk_page_section][vc_row][vc_column][vc_empty_space height=&#8221;50px&#8221;][vc_custom_heading text=&#8221;CANAL DE DENUNCIAS&#8221; google_fonts=&#8221;font_family:Montserrat%3Aregular%2C700|font_style:400%20regular%3A400%3Anormal&#8221;][\/vc_column][\/vc_row][vc_row][vc_column width=&#8221;1\/4&#8243;][mk_fancy_title font_family=&#8221;none&#8221;]En FoodCorp, hemos reforzado el Canal de Denuncias<br \/>\npara incorporar aquellas relativas a la Ley 21.643 (\u201cLey Karin\u201d)<\/p>\n<p>WhatsApp al +56 9 98859490<br \/>\nCorreo: denuncia@fcc.cl[\/mk_fancy_title][\/vc_column][vc_column width=&#8221;3\/4&#8243;]<div role=\"form\" class=\"wpcf7\" id=\"wpcf7-f762-o1\" lang=\"en-US\" dir=\"ltr\">\n<div class=\"screen-reader-response\"><p role=\"status\" aria-live=\"polite\" aria-atomic=\"true\"><\/p> <ul><\/ul><\/div>\n<form action=\"\/fcc\/wp-json\/wp\/v2\/pages\/748#wpcf7-f762-o1\" method=\"post\" class=\"wpcf7-form init\" novalidate=\"novalidate\" data-status=\"init\">\n<div style=\"display: none;\">\n<input type=\"hidden\" name=\"_wpcf7\" value=\"762\" \/>\n<input type=\"hidden\" name=\"_wpcf7_version\" value=\"5.4.2\" \/>\n<input type=\"hidden\" name=\"_wpcf7_locale\" value=\"en_US\" \/>\n<input type=\"hidden\" name=\"_wpcf7_unit_tag\" value=\"wpcf7-f762-o1\" \/>\n<input type=\"hidden\" name=\"_wpcf7_container_post\" value=\"0\" \/>\n<input type=\"hidden\" name=\"_wpcf7_posted_data_hash\" value=\"\" \/>\n<input type=\"hidden\" name=\"_wpcf7cf_hidden_group_fields\" value=\"[]\" \/>\n<input type=\"hidden\" name=\"_wpcf7cf_hidden_groups\" value=\"[]\" \/>\n<input type=\"hidden\" name=\"_wpcf7cf_visible_groups\" value=\"[]\" \/>\n<input type=\"hidden\" name=\"_wpcf7cf_repeaters\" value=\"[]\" \/>\n<input type=\"hidden\" name=\"_wpcf7cf_steps\" value=\"{}\" \/>\n<input type=\"hidden\" name=\"_wpcf7cf_options\" value=\"{&quot;form_id&quot;:762,&quot;conditions&quot;:[{&quot;then_field&quot;:&quot;group-187&quot;,&quot;and_rules&quot;:[{&quot;if_field&quot;:&quot;radio-97&quot;,&quot;operator&quot;:&quot;equals&quot;,&quot;if_value&quot;:&quot;Usar\\u00e9 mis datos&quot;}]}],&quot;settings&quot;:{&quot;animation&quot;:&quot;yes&quot;,&quot;animation_intime&quot;:200,&quot;animation_outtime&quot;:200,&quot;conditions_ui&quot;:&quot;normal&quot;,&quot;notice_dismissed&quot;:false,&quot;notice_dismissed_update-cf7-5.9.8&quot;:true}}\" \/>\n<\/div>\n<p><span class=\"wpcf7-form-control-wrap radio-97\"><span class=\"wpcf7-form-control wpcf7-radio\"><span class=\"wpcf7-list-item first\"><label><input type=\"radio\" name=\"radio-97\" value=\"Usar\u00e9 mis datos\" checked=\"checked\" \/><span class=\"wpcf7-list-item-label\">Usar\u00e9 mis datos<\/span><\/label><\/span><span class=\"wpcf7-list-item last\"><label><input type=\"radio\" name=\"radio-97\" value=\"An\u00f3nima\" \/><span class=\"wpcf7-list-item-label\">An\u00f3nima<\/span><\/label><\/span><\/span><\/span><\/p>\n<div data-id=\"group-187\" data-orig_data_id=\"group-187\"  data-class=\"wpcf7cf_group\">\n<p><label> Su correo<br \/>\n<span class=\"wpcf7-form-control-wrap email-877\"><input type=\"email\" name=\"email-877\" value=\"\" size=\"40\" class=\"wpcf7-form-control wpcf7-text wpcf7-email wpcf7-validates-as-required wpcf7-validates-as-email\" aria-required=\"true\" aria-invalid=\"false\" \/><\/span> <\/label><\/p>\n<p><label> Su Nombre<br \/>\n    <span class=\"wpcf7-form-control-wrap your-name\"><input type=\"text\" name=\"your-name\" value=\"\" size=\"40\" class=\"wpcf7-form-control wpcf7-text wpcf7-validates-as-required\" aria-required=\"true\" aria-invalid=\"false\" \/><\/span> <\/label><\/p>\n<p><label> Su Tel\u00e9fono<br \/>\n<span class=\"wpcf7-form-control-wrap tel-529\"><input type=\"tel\" name=\"tel-529\" value=\"\" size=\"40\" class=\"wpcf7-form-control wpcf7-text wpcf7-tel wpcf7-validates-as-required wpcf7-validates-as-tel\" aria-required=\"true\" aria-invalid=\"false\" \/><\/span>  <\/label><\/p>\n<\/div>\n<p><label> Seleccione tipo de denuncia<br \/>\n<span class=\"wpcf7-form-control-wrap menu-757\"><select name=\"menu-757\" class=\"wpcf7-form-control wpcf7-select wpcf7-validates-as-required\" id=\"455\" aria-required=\"true\" aria-invalid=\"false\"><option value=\"\"><\/option><option value=\"Comisi\u00f3n de delitos contemplados en Modelo de Prevenci\u00f3n del Delito seg\u00fan Ley 20.393 y sus modificaciones posteriores\">Comisi\u00f3n de delitos contemplados en Modelo de Prevenci\u00f3n del Delito seg\u00fan Ley 20.393 y sus modificaciones posteriores<\/option><option value=\"Conductas relativas a Acoso Sexual\">Conductas relativas a Acoso Sexual<\/option><option value=\"Conductas relativas a Acoso Laboral\">Conductas relativas a Acoso Laboral<\/option><option value=\"Conductas relativas a Violencia en el Trabajo\">Conductas relativas a Violencia en el Trabajo<\/option><option value=\"Infracciones C\u00f3digo \u00c9tica\">Infracciones C\u00f3digo \u00c9tica<\/option><option value=\"Otras infracciones al Reglamento Interno de Orden, Higiene y Seguridad de la Empresa\">Otras infracciones al Reglamento Interno de Orden, Higiene y Seguridad de la Empresa<\/option><\/select><\/span><br \/>\n<\/label><\/p>\n<p><label> Donde ocurrio su denuncia?<br \/>\n    <span class=\"wpcf7-form-control-wrap your-subject\"><input type=\"text\" name=\"your-subject\" value=\"\" size=\"40\" class=\"wpcf7-form-control wpcf7-text wpcf7-validates-as-required\" aria-required=\"true\" aria-invalid=\"false\" \/><\/span> <\/label><\/p>\n<p><label> Ingrese su denuncia detalladamente<br \/>\n    <span class=\"wpcf7-form-control-wrap your-message\"><textarea name=\"your-message\" cols=\"40\" rows=\"10\" class=\"wpcf7-form-control wpcf7-textarea\" aria-invalid=\"false\"><\/textarea><\/span> <\/label><\/p>\n<p><span class=\"wpcf7-form-control-wrap acceptance-648\"><span class=\"wpcf7-form-control wpcf7-acceptance\"><span class=\"wpcf7-list-item\"><label><input type=\"checkbox\" name=\"acceptance-648\" value=\"1\" aria-invalid=\"false\" \/><span class=\"wpcf7-list-item-label\">Acepto que FoodCorp Chile recolecte mis datos a trav\u00e9s de este formulario.<\/span><\/label><\/span><\/span><\/span><\/p>\n<p><input type=\"submit\" value=\"Enviar\" class=\"wpcf7-form-control wpcf7-submit\" \/><\/p>\n<div class=\"wpcf7-response-output\" aria-hidden=\"true\"><\/div><\/form><\/div>[\/vc_column][\/vc_row]\n<\/div>","protected":false},"excerpt":{"rendered":"<p>[mk_page_section bg_image=&#8221;\/fcc\/wp-content\/uploads\/2019\/06\/fcc-jurel-fresco-1.jpg&#8221; bg_color=&#8221;rgba(10,10,10,0.01)&#8221; bg_position=&#8221;left center&#8221; bg_stretch=&#8221;true&#8221; enable_3d=&#8221;true&#8221; bg_gradient=&#8221;left_top&#8221; video_color_mask=&#8221;rgba(0,0,0,0.8)&#8221; gr_end=&#8221;rgba(0,0,0,0.35)&#8221; video_opacity=&#8221;1&#8243; top_shape_style=&#8221;folded-top&#8221; top_shape_size=&#8221;small&#8221; top_shape_color=&#8221;#ffffff&#8221; bottom_shape_style=&#8221;folded-bottom&#8221; bottom_shape_size=&#8221;small&#8221; bottom_shape_color=&#8221;#ffffff&#8221; el_class=&#8221;custom-jueves-gradient-bg&#8221; sidebar=&#8221;sidebar-1&#8243;][vc_column][mk_padding_divider size=&#8221;140&#8243; visibility=&#8221;hidden-sm&#8221;][mk_padding_divider size=&#8221;100&#8243;][mk_fancy_title tag_name=&#8221;h4&#8243; color=&#8221;#ffffff&#8221; size=&#8221;30&#8243; force_font_size=&#8221;true&#8221; size_tablet=&#8221;15&#8243; size_phone=&#8221;15&#8243; line_height=&#8221;0&#8243; font_weight=&#8221;400&#8243; font_style=&#8221;normal&#8221; txt_transform=&#8221;uppercase&#8221; letter_spacing=&#8221;6.7&#8243; margin_bottom=&#8221;0&#8243; font_family=&#8221;Montserrat&#8221; font_type=&#8221;google&#8221; animation=&#8221;left-to-right&#8221;] env\u00edanos tus [\/mk_fancy_title][mk_fancy_title strip_tags=&#8221;true&#8221; tag_name=&#8221;h1&#8243; color=&#8221;#ffffff&#8221; size=&#8221;56&#8243; force_font_size=&#8221;true&#8221; size_tablet=&#8221;40&#8243; size_phone=&#8221;30&#8243; font_weight=&#8221;bold&#8221; font_style=&#8221;normal&#8221; txt_transform=&#8221;uppercase&#8221; letter_spacing=&#8221;10&#8243; margin_bottom=&#8221;0&#8243; font_family=&#8221;Montserrat&#8221; font_type=&#8221;google&#8221; animation=&#8221;left-to-right&#8221;]Denuncias[\/mk_fancy_title][mk_divider [&hellip;]<\/p>\n","protected":false},"author":4,"featured_media":0,"parent":0,"menu_order":0,"comment_status":"closed","ping_status":"closed","template":"","meta":{"footnotes":""},"class_list":["post-748","page","type-page","status-publish","hentry"],"acf":[],"_links":{"self":[{"href":"https:\/\/www.fcc.cl\/fcc\/wp-json\/wp\/v2\/pages\/748"}],"collection":[{"href":"https:\/\/www.fcc.cl\/fcc\/wp-json\/wp\/v2\/pages"}],"about":[{"href":"https:\/\/www.fcc.cl\/fcc\/wp-json\/wp\/v2\/types\/page"}],"author":[{"embeddable":true,"href":"https:\/\/www.fcc.cl\/fcc\/wp-json\/wp\/v2\/users\/4"}],"replies":[{"embeddable":true,"href":"https:\/\/www.fcc.cl\/fcc\/wp-json\/wp\/v2\/comments?post=748"}],"version-history":[{"count":17,"href":"https:\/\/www.fcc.cl\/fcc\/wp-json\/wp\/v2\/pages\/748\/revisions"}],"predecessor-version":[{"id":889,"href":"https:\/\/www.fcc.cl\/fcc\/wp-json\/wp\/v2\/pages\/748\/revisions\/889"}],"wp:attachment":[{"href":"https:\/\/www.fcc.cl\/fcc\/wp-json\/wp\/v2\/media?parent=748"}],"curies":[{"name":"wp","href":"https:\/\/api.w.org\/{rel}","templated":true}]}}